{"id":5378,"date":"2024-10-29T09:50:51","date_gmt":"2024-10-29T09:50:51","guid":{"rendered":"https:\/\/www.cliniquelaprairiemedical.com\/?page_id=5378"},"modified":"2025-03-25T19:06:47","modified_gmt":"2025-03-25T19:06:47","slug":"additional-services","status":"publish","type":"page","link":"https:\/\/www.cliniquelaprairiemedical.com\/en\/surgeries-and-stays\/with-insurance\/additional-services\/","title":{"rendered":"Additional services"},"content":{"rendered":"<div class=\"wpb-content-wrapper\"><p>[vc_row type=&#8221;full-width&#8221; top_margin=&#8221;page-margin-top-section&#8221; el_class=&#8221;flex-box&#8221; css=&#8221;.vc_custom_1540216421553{background-color: #ffffff !important;}&#8221;][vc_column width=&#8221;1\/2&#8243; css=&#8221;.vc_custom_1536849658368{background-position: center !important;background-repeat: no-repeat !important;background-size: cover !important;}&#8221; el_class=&#8221;padding-bottom-128 column-limited&#8221;][vc_row_inner el_class=&#8221;padding-right-100&#8243;][vc_column_inner]<h3 class=\"box-header margin-top-92 animation-slide\">Well-being and Movement<\/h3>[vc_column_text css=&#8221;&#8221; el_class=&#8221;large margin-top-10&#8243;]<\/p>\n<p class=\"\" data-start=\"0\" data-end=\"82\">During the stay (for patients with private insurance and subject to availability):<\/p>\n<p class=\"\" data-start=\"84\" data-end=\"346\">Access to the wellness area by reservation during the stay, if the patient&#8217;s health condition allows it*. These services are at the patient&#8217;s expense. *Subject to prior approval from the surgeon and treating physician in the case of surgery or medical treatment.<\/p>\n<p class=\"\" data-start=\"348\" data-end=\"363\">After the stay:<\/p>\n<p class=\"\" data-start=\"365\" data-end=\"469\">A 20% discount on the price list for wellness services under private insurance for a period of 3 months.<\/p>\n<p>[\/vc_column_text]<ul class=\"simple-list margin-top-15 clearfix\"><li class=\"template-tick-2 clearfix\">\n\t\t\t<span>Wellness area and SPA<\/span><\/li><li class=\"template-tick-2 clearfix\">\n\t\t\t<span>Treatments (list of treatments available on request)<\/span><\/li><li class=\"template-tick-2 clearfix\">\n\t\t\t<span>Fitness area<\/span><\/li><li class=\"template-tick-2 clearfix\">\n\t\t\t<span>Body-Mind technological experiences<\/span><\/li><\/ul>[\/vc_column_inner][\/vc_row_inner][\/vc_column][vc_column width=&#8221;1\/2&#8243; css=&#8221;.vc_custom_1732088559989{background-image: url(https:\/\/www.cliniquelaprairiemedical.com\/wp-content\/uploads\/2024\/11\/SPA-POOL-2022-WEB-1.jpg?id=6240) !important;background-position: center !important;background-repeat: no-repeat !important;background-size: cover !important;}&#8221;][vc_single_image image=&#8221;3750&#8243; img_size=&#8221;large-thumb&#8221; css=&#8221;&#8221; el_class=&#8221;flex-hide&#8221;][\/vc_column][\/vc_row][vc_row type=&#8221;full-width&#8221; el_class=&#8221;flex-box&#8221; css=&#8221;.vc_custom_1540285559272{background-color: #ffffff !important;}&#8221;][vc_column width=&#8221;1\/2&#8243; css=&#8221;.vc_custom_1732088747121{background-image: url(https:\/\/www.cliniquelaprairiemedical.com\/wp-content\/uploads\/2024\/11\/MG_5923.jpg?id=6246) !important;background-position: center !important;background-repeat: no-repeat !important;background-size: cover !important;}&#8221;][vc_single_image image=&#8221;4302&#8243; img_size=&#8221;large-thumb&#8221; css=&#8221;&#8221; el_class=&#8221;flex-hide&#8221;][\/vc_column][vc_column width=&#8221;1\/2&#8243; el_class=&#8221;padding-bottom-100 column-limited&#8221;][vc_row_inner el_class=&#8221;padding-left-100&#8243;][vc_column_inner]<h3 class=\"box-header margin-top-92 animation-slide\">Nutrition and Catering Service<\/h3>[vc_empty_space]<ul class=\"clearfix mc-features mc-features-large mc-features-style-default\"><li class=\"item-content clearfix\">\r\n\t\t\t\t<span class=\"hexagon\"  title=\"Access to our restaurant: (at the patient&#8217;s expense)\"><span class=\"features-home\"><\/span><\/span><div class=\"text\"><h3><span   title=\"Access to our restaurant: (at the patient&#8217;s expense)\">Access to our restaurant: (at the patient&#8217;s expense)<\/span><\/h3><p>If the patient&#8217;s health condition allows, they may reserve a table in our gourmet restaurant. The meal is at the patient&#8217;s expense. Reservation required and subject to availability. Prices are listed on the menu, and a preferential rate is available under private insurance.<\/p>\n<\/div>\r\n\t\t\t<\/li><li class=\"item-content clearfix\">\r\n\t\t\t\t<span class=\"hexagon\"  title=\"In-room: (included in the private insurance package)\"><span class=\"features-medical-bed\"><\/span><\/span><div class=\"text\"><h3><span   title=\"In-room: (included in the private insurance package)\">In-room: (included in the private insurance package)<\/span><\/h3><p>Clinique La Prairie offers its patients a &#8220;lunch menu&#8221; and a &#8220;dinner menu&#8221; designed by a dietitian.<br \/>\nOur meals are tailored to meet the needs of patients with allergies or specific dietary requirements. A family member may also have a meal in the patient&#8217;s room. In this case, the meal is at the patient&#8217;s expense.<\/p>\n<\/div>\r\n\t\t\t<\/li><li class=\"item-content clearfix\">\r\n\t\t\t\t<span class=\"hexagon\"  title=\"Pleasure of Dining\"><span class=\"features-mortar\"><\/span><\/span><div class=\"text\"><h3><span   title=\"Pleasure of Dining\">Pleasure of Dining<\/span><\/h3><p>To enhance the stay of our patients, our Chef, David Alessandria, Meilleurs Ouvriers de France 2023, along with our culinary team, offers a gastronomy that takes medical requirements into account.<\/p>\n<\/div>\r\n\t\t\t<\/li><\/ul>[\/vc_column_inner][\/vc_row_inner][\/vc_column][\/vc_row][vc_row top_margin=&#8221;page-margin-top-section&#8221;][vc_column width=&#8221;1\/2&#8243; el_class=&#8221;padding-right-30&#8243;][vc_empty_space]<h3 class=\"box-header animation-slide\">Chambres &amp; Suites<\/h3>[vc_column_text css=&#8221;&#8221; el_class=&#8221;large margin-top-10&#8243;]Clinique La Prairie dispose de 10 chambres Semi-priv\u00e9es (avec deux lits), de 10 chambres Priv\u00e9es (avec un lit) ainsi que de 2 Suites Junior avec une chambre, un salon et une salle de bain.<\/p>\n<p>Toutes nos chambres disposent d\u2019\u00e9quipements et d\u2019infrastructures pour le confort et les besoins individuels de nos patients.<br \/>\nNotre \u00e9quipe est toujours \u00e0 disposition de nos patients pour assurer leur confort et apporter un support technique pour toutes demandes.[\/vc_column_text][\/vc_column][vc_column width=&#8221;1\/2&#8243;][vc_single_image image=&#8221;6251&#8243; img_size=&#8221;medicenter-vertical-image&#8221; css=&#8221;&#8221; el_class=&#8221;page-margin-top side-image&#8221;][vc_single_image image=&#8221;6450&#8243; img_size=&#8221;medicenter-vertical-image&#8221; alignment=&#8221;right&#8221; css=&#8221;&#8221;][\/vc_column][\/vc_row][vc_row top_margin=&#8221;page-margin-top-section&#8221;][vc_column width=&#8221;1\/2&#8243; el_class=&#8221;padding-right-30&#8243;][vc_single_image image=&#8221;6249&#8243; img_size=&#8221;medicenter-vertical-image&#8221; css=&#8221;&#8221; el_class=&#8221;page-margin-top side-image&#8221;][vc_single_image image=&#8221;6457&#8243; img_size=&#8221;medicenter-vertical-image&#8221; alignment=&#8221;right&#8221; css=&#8221;&#8221;][\/vc_column][vc_column width=&#8221;1\/2&#8243;][vc_empty_space]<h3 class=\"box-header animation-slide\">Autres prestations<\/h3><ul class=\"simple-list margin-top-15 clearfix\"><li class=\"template-tick-2 clearfix\">\n\t\t\t<span>Toutes les consultations suppl\u00e9mentaires sont prioris\u00e9es pendant le s\u00e9jour. <\/span><\/li><li class=\"template-tick-2 clearfix\">\n\t\t\t<span>Nous offrons \u00e9galement deux consultations gratuites pour la d\u00e9couverte de nos solutions pr\u00e9ventives (1x avec notre responsable coordinatrice des services m\u00e9dicaux et 1x avec notre m\u00e9decin g\u00e9n\u00e9raliste). <\/span><\/li><li class=\"template-tick-2 clearfix\">\n\t\t\t<span>Programmes de Check-up de sant\u00e9 : notre Centre M\u00e9dical propose diverses options de check-up de sant\u00e9. Adressez-vous \u00e0 nos \u00e9quipes m\u00e9dicales ou administratives pour plus d\u2019informations.<\/span><\/li><\/ul>[\/vc_column][\/vc_row][vc_row type=&#8221;full-width mc-parallax mc-overlay&#8221; top_margin=&#8221;page-margin-top-section&#8221; css=&#8221;.vc_custom_1726218704116{background-image: url(https:\/\/www.cliniquelaprairiemedical.com\/wp-content\/uploads\/2024\/09\/Clinique_la_prairie_portes_ouvertes_mais_2023\u00a9Germain-220-scaled.jpg?id=4366) !important;background-position: center !important;background-repeat: no-repeat !important;background-size: cover !important;}&#8221; el_class=&#8221;padding-top-89 padding-bottom-100&#8243;][vc_column]<h2 class=\"box-header white align-center large\">Informations suppl\u00e9mentaires<\/h2>[vc_row_inner equal_height=&#8221;yes&#8221; top_margin=&#8221;page-margin-top-section&#8221; el_class=&#8221;flex-box&#8221;][vc_column_inner el_class=&#8221;info-box-full-height&#8221; width=&#8221;1\/4&#8243;]<div class=\"info-box features-phone animated-element animation-fadeIn duration-500\"><p>Pour programmer votre intervention, votre m\u00e9decin contact notre service des admissions<\/p><\/div><div class=\"arrow-container animated-element animation-slideRight duration-800 delay-150\"><span class=\"arrow template-arrow-horizontal-4-after arrow-light\"><\/span><\/div>[\/vc_column_inner][vc_column_inner el_class=&#8221;info-box-full-height&#8221; width=&#8221;1\/4&#8243;]<div class=\"info-box features-medical-document animated-element animation-slideRight duration-800 delay-600\"><p>Une fois l\u2019hospitalisation programm\u00e9e, une demande de confirmation de prise en charge est adress\u00e9e \u00e0 votre assurance, qui doit nous confirmer son accord par \u00e9crit au plus tard 24 heures avant votre admission.<\/p><\/div><div class=\"arrow-container animated-element animation-slideRight duration-800 delay-1050\"><span class=\"arrow template-arrow-horizontal-4-after arrow-dark\"><\/span><\/div>[\/vc_column_inner][vc_column_inner el_class=&#8221;info-box-full-height&#8221; width=&#8221;1\/4&#8243;]<div class=\"info-box features-document-missing animated-element animation-slideRight duration-800 delay-600\"><p>Une confirmation d\u2019admission repr\u00e9cisant la date et l\u2019heure d\u2019entr\u00e9e en clinique ainsi qu\u2019une liste des diff\u00e9rents documents administratifs \u00e0 nous retourner afin de compl\u00e9ter votre dossier, vous sont \u00e9galement envoy\u00e9es.<\/p><\/div><div class=\"arrow-container animated-element animation-slideRight duration-800 delay-1050\"><span class=\"arrow template-arrow-horizontal-4-after arrow-dark\"><\/span><\/div>[\/vc_column_inner][vc_column_inner el_class=&#8221;info-box-full-height&#8221; width=&#8221;1\/4&#8243;]<div class=\"info-box features-id animated-element animation-slideRight duration-800 delay-1500\"><p>Pour votre arriv\u00e9e \u00e0 la clinique nous vous prions de bien vouloir vous munir de:<\/p>\n<p><strong>Votre pi\u00e8ce d\u2019identit\u00e9<\/strong><\/p>\n<p><strong>Votre carte d\u2019assurance de base<\/strong><\/p>\n<p><strong>Votre carte d\u2019assurance compl\u00e9mentaire<\/strong><\/p>\n<p><strong>Votre carte de groupe sanguin si vous en avez une<\/strong><\/p>\n<p><strong>Liste de vos allergies (alimentaire ou m\u00e9dicamenteuse) si vous en avez<\/strong><\/p><\/div>[\/vc_column_inner][\/vc_row_inner][\/vc_column][\/vc_row][vc_row top_margin=&#8221;page-margin-top-section&#8221;][vc_column width=&#8221;2\/3&#8243;]<h3 class=\"box-header margin-top-92\">Informations visiteurs<\/h3>[vc_empty_space][vc_accordion][vc_accordion_tab title=&#8221;Bon \u00e0 savoir&#8221; tab_id=&#8221;1726149155-1-16&#8243;][vc_column_text css=&#8221;&#8221; el_class=&#8221;large margin-top-10&#8243;]Pour des raisons d\u2019hygi\u00e8ne, les plantes en terre sont interdites. Seules les fleurs coup\u00e9es sont autoris\u00e9es. Sachez que certaines fleurs trop parfum\u00e9es peuvent vous incommoder durant votre s\u00e9jour.[\/vc_column_text][\/vc_accordion_tab][vc_accordion_tab title=&#8221;Heures de visite&#8221; tab_id=&#8221;1726149155-2-78&#8243;][vc_column_text css=&#8221;&#8221; el_class=&#8221;large margin-top-10&#8243;]La pr\u00e9sence de votre famille et amis \u00e0 vos c\u00f4t\u00e9s peut \u00eatre d\u2019un grand r\u00e9confort. Ils seront les bienvenus entre 10h00 et 20h00. Il est important que vos visiteurs respectent le temps consacr\u00e9 aux soins ainsi que la tranquillit\u00e9 des autres patients. Sur d\u00e9cision m\u00e9dicale et si l\u2019\u00e9tat de sant\u00e9 du patient le n\u00e9cessite, les visites peuvent \u00eatre limit\u00e9es.<\/p>\n<p>Les visites ne sont pas autoris\u00e9es au bloc op\u00e9ratoire et en salle de r\u00e9veil. Le personnel soignant se tient \u00e0 disposition pour vous informer de la prise en charge m\u00e9dicale en cours.[\/vc_column_text][\/vc_accordion_tab][vc_accordion_tab title=&#8221;Logement&#8221;][vc_column_text css=&#8221;&#8221; el_class=&#8221;large margin-top-10&#8243;]Si vous d\u00e9sirez \u00eatre accompagn\u00e9 par un de vos proche pendant votre hospitalisation, nous vous encourageons \u00e0 le faire savoir \u00e0 l\u2019avance afin d\u2019organiser au mieux sa venue. Dans la mesure de nos disponibilit\u00e9s, nous pouvons lui proposer une chambre ou ajouter un lit suppl\u00e9mentaire dans la v\u00f4tre. Les tarifs en vigueur sont disponibles sur demande aupr\u00e8s du bureau des admissions.[\/vc_column_text][\/vc_accordion_tab][vc_accordion_tab title=&#8221;Repas&#8221;][vc_column_text css=&#8221;&#8221; el_class=&#8221;large margin-top-10&#8243;]Vos proches ont la possibilit\u00e9 de prendre un repas en votre compagnie.<\/p>\n<p>Heure de repas\u00a0: 12h00 et \/ ou 19h00. De la collation au repas \u00e0 la carte.[\/vc_column_text][\/vc_accordion_tab][\/vc_accordion][\/vc_column][vc_column width=&#8221;1\/3&#8243; css=&#8221;.vc_custom_1539768616510{background-color: #f0f0f0 !important;}&#8221; el_class=&#8221;padding-40&#8243;][vc_widget_sidebar top_margin=&#8221;page-margin-top&#8221; sidebar_id=&#8221;sidebar-opening-hours&#8221;][\/vc_column][\/vc_row]<\/p>\n<\/div>","protected":false},"excerpt":{"rendered":"<p>[vc_row type=&#8221;full-width&#8221; top_margin=&#8221;page-margin-top-section&#8221; el_class=&#8221;flex-box&#8221; css=&#8221;.vc_custom_1540216421553{background-color: #ffffff !important;}&#8221;][vc_column width=&#8221;1\/2&#8243; css=&#8221;.vc_custom_1536849658368{background-position: center !important;background-repeat: no-repeat !important;background-size: cover !important;}&#8221; el_class=&#8221;padding-bottom-128 column-limited&#8221;][vc_row_inner el_class=&#8221;padding-right-100&#8243;][vc_column_inner][vc_column_text css=&#8221;&#8221; el_class=&#8221;large margin-top-10&#8243;] During the stay (for patients with private insurance and subject to availability): Access to the wellness area by reservation during the stay, if the patient&#8217;s health condition allows it*. These services are at the<\/p>\n","protected":false},"author":1,"featured_media":0,"parent":5296,"menu_order":0,"comment_status":"closed","ping_status":"closed","template":"","meta":{"_acf_changed":false,"footnotes":""},"class_list":["post-5378","page","type-page","status-publish","hentry"],"acf":[],"_links":{"self":[{"href":"https:\/\/www.cliniquelaprairiemedical.com\/en\/wp-json\/wp\/v2\/pages\/5378","targetHints":{"allow":["GET"]}}],"collection":[{"href":"https:\/\/www.cliniquelaprairiemedical.com\/en\/wp-json\/wp\/v2\/pages"}],"about":[{"href":"https:\/\/www.cliniquelaprairiemedical.com\/en\/wp-json\/wp\/v2\/types\/page"}],"author":[{"embeddable":true,"href":"https:\/\/www.cliniquelaprairiemedical.com\/en\/wp-json\/wp\/v2\/users\/1"}],"replies":[{"embeddable":true,"href":"https:\/\/www.cliniquelaprairiemedical.com\/en\/wp-json\/wp\/v2\/comments?post=5378"}],"version-history":[{"count":6,"href":"https:\/\/www.cliniquelaprairiemedical.com\/en\/wp-json\/wp\/v2\/pages\/5378\/revisions"}],"predecessor-version":[{"id":7637,"href":"https:\/\/www.cliniquelaprairiemedical.com\/en\/wp-json\/wp\/v2\/pages\/5378\/revisions\/7637"}],"up":[{"embeddable":true,"href":"https:\/\/www.cliniquelaprairiemedical.com\/en\/wp-json\/wp\/v2\/pages\/5296"}],"wp:attachment":[{"href":"https:\/\/www.cliniquelaprairiemedical.com\/en\/wp-json\/wp\/v2\/media?parent=5378"}],"curies":[{"name":"wp","href":"https:\/\/api.w.org\/{rel}","templated":true}]}}